{"id":90,"date":"2021-09-11T13:56:25","date_gmt":"2021-09-11T13:56:25","guid":{"rendered":"https:\/\/pueblodelarues.es\/?page_id=90"},"modified":"2024-06-24T17:41:19","modified_gmt":"2024-06-24T17:41:19","slug":"enigmas","status":"publish","type":"page","link":"https:\/\/pueblodelarues.es\/index.php\/conoce-larues\/historia\/enigmas\/","title":{"rendered":"Enigmas"},"content":{"rendered":"\n<figure class=\"wp-block-image size-full\"><img decoding=\"async\" src=\"https:\/\/pueblodelarues.es\/wp-content\/uploads\/2021\/10\/DSCN0958.jpg\" alt=\"\" class=\"wp-image-378\"\/><\/figure>\n\n\n\n<p>Cu\u00e1ntas veces, andando por las calles del pueblo, por los caminos, por los campos, por el monte, &#8230;,  nos hemos preguntado: \u00bfQu\u00e9 es esto?, \u00bfqu\u00e9 hace aqu\u00ed?, \u00bfpor qu\u00e9 se llama as\u00ed? Muchas cosas pueden llamar nuestra atenci\u00f3n, pero no sabemos qu\u00e9 son verdaderamente. Y echamos a volar nuestra imaginaci\u00f3n, a compararlo con otros ejemplos parecidos, a relacionarlo con algo que hemos visto en otros lugares. As\u00ed nace esta secci\u00f3n, como un gabinete de curiosidades, fruto de la observaci\u00f3n y, por qu\u00e9 no, de la fantas\u00eda. Est\u00e1n esperando que alguien, alguna vez, d\u00e9 con la respuesta adecuada, y dejen de ser \u00abenigmas\u00bb para pasar a ser certezas. <\/p>\n\n\n\n<p>Si alguno de vosotros conoce otras respuestas, otras explicaciones, ha llegado a otras conclusiones, aqu\u00ed tendr\u00e1 un lugar para seguir fantaseando, rectificar y mejorar las aportaciones que mostramos en esta p\u00e1gina. <\/p>\n","protected":false},"excerpt":{"rendered":"<p>Cu\u00e1ntas veces, andando por las calles del pueblo, por los caminos, por los campos, por el monte, &#8230;, nos hemos preguntado: \u00bfQu\u00e9 es esto?, \u00bfqu\u00e9 hace aqu\u00ed?, \u00bfpor qu\u00e9 se llama as\u00ed? Muchas cosas pueden llamar nuestra atenci\u00f3n, pero no sabemos qu\u00e9 son verdaderamente. Y echamos a volar nuestra imaginaci\u00f3n, a compararlo con otros ejemplos parecidos, a relacionarlo con algo que hemos visto en otros lugares. As\u00ed nace esta secci\u00f3n, como un gabinete de curiosidades, fruto de la observaci\u00f3n y,&#8230;<\/p>\n<p class=\"read-more\"><a class=\"btn btn-default\" href=\"https:\/\/pueblodelarues.es\/index.php\/conoce-larues\/historia\/enigmas\/\"> Leer m\u00e1s<span class=\"screen-reader-text\">  Leer m\u00e1s<\/span><\/a><\/p>\n","protected":false},"author":2,"featured_media":1666,"parent":48,"menu_order":1,"comment_status":"closed","ping_status":"closed","template":"","meta":{"footnotes":""},"class_list":["post-90","page","type-page","status-publish","has-post-thumbnail","hentry"],"_links":{"self":[{"href":"https:\/\/pueblodelarues.es\/index.php\/wp-json\/wp\/v2\/pages\/90","targetHints":{"allow":["GET"]}}],"collection":[{"href":"https:\/\/pueblodelarues.es\/index.php\/wp-json\/wp\/v2\/pages"}],"about":[{"href":"https:\/\/pueblodelarues.es\/index.php\/wp-json\/wp\/v2\/types\/page"}],"author":[{"embeddable":true,"href":"https:\/\/pueblodelarues.es\/index.php\/wp-json\/wp\/v2\/users\/2"}],"replies":[{"embeddable":true,"href":"https:\/\/pueblodelarues.es\/index.php\/wp-json\/wp\/v2\/comments?post=90"}],"version-history":[{"count":2,"href":"https:\/\/pueblodelarues.es\/index.php\/wp-json\/wp\/v2\/pages\/90\/revisions"}],"predecessor-version":[{"id":1668,"href":"https:\/\/pueblodelarues.es\/index.php\/wp-json\/wp\/v2\/pages\/90\/revisions\/1668"}],"up":[{"embeddable":true,"href":"https:\/\/pueblodelarues.es\/index.php\/wp-json\/wp\/v2\/pages\/48"}],"wp:featuredmedia":[{"embeddable":true,"href":"https:\/\/pueblodelarues.es\/index.php\/wp-json\/wp\/v2\/media\/1666"}],"wp:attachment":[{"href":"https:\/\/pueblodelarues.es\/index.php\/wp-json\/wp\/v2\/media?parent=90"}],"curies":[{"name":"wp","href":"https:\/\/api.w.org\/{rel}","templated":true}]}}