{"id":88,"date":"2021-09-11T13:55:59","date_gmt":"2021-09-11T13:55:59","guid":{"rendered":"https:\/\/pueblodelarues.es\/?page_id=88"},"modified":"2024-06-24T17:43:24","modified_gmt":"2024-06-24T17:43:24","slug":"monografias","status":"publish","type":"page","link":"https:\/\/pueblodelarues.es\/index.php\/conoce-larues\/historia\/monografias\/","title":{"rendered":"Monograf\u00edas"},"content":{"rendered":"\n<p>En esta p\u00e1gina iremos desarrollando algunos temas de los que ya tenemos bastante informaci\u00f3n, y que expondremos de forma bastante exhaustiva. Nunca van a estar cerrados del todo, pues pueden aparecer nuevos datos que completen o contradigan algunas de las cosas que ahora afirmamos. Como en todas las p\u00e1ginas, siempre agradeceremos vuestras aportaciones, pues al fin y al cabo los vecinos sois los que m\u00e1s sab\u00e9is de vuestro pueblo, sobre todo a partir de vuestra experiencia y de lo que hab\u00e9is o\u00eddo contar de vuestros mayores. <\/p>\n\n\n\n<figure class=\"wp-block-image size-full\"><img decoding=\"async\" src=\"https:\/\/pueblodelarues.es\/wp-content\/uploads\/2021\/10\/DSCN7419.jpg\" alt=\"\" class=\"wp-image-387\"\/><\/figure>\n","protected":false},"excerpt":{"rendered":"<p>En esta p\u00e1gina iremos desarrollando algunos temas de los que ya tenemos bastante informaci\u00f3n, y que expondremos de forma bastante exhaustiva. Nunca van a estar cerrados del todo, pues pueden aparecer nuevos datos que completen o contradigan algunas de las cosas que ahora afirmamos. Como en todas las p\u00e1ginas, siempre agradeceremos vuestras aportaciones, pues al fin y al cabo los vecinos sois los que m\u00e1s sab\u00e9is de vuestro pueblo, sobre todo a partir de vuestra experiencia y de lo que&#8230;<\/p>\n<p class=\"read-more\"><a class=\"btn btn-default\" href=\"https:\/\/pueblodelarues.es\/index.php\/conoce-larues\/historia\/monografias\/\"> Leer m\u00e1s<span class=\"screen-reader-text\">  Leer m\u00e1s<\/span><\/a><\/p>\n","protected":false},"author":2,"featured_media":1670,"parent":48,"menu_order":0,"comment_status":"closed","ping_status":"closed","template":"","meta":{"footnotes":""},"class_list":["post-88","page","type-page","status-publish","has-post-thumbnail","hentry"],"_links":{"self":[{"href":"https:\/\/pueblodelarues.es\/index.php\/wp-json\/wp\/v2\/pages\/88","targetHints":{"allow":["GET"]}}],"collection":[{"href":"https:\/\/pueblodelarues.es\/index.php\/wp-json\/wp\/v2\/pages"}],"about":[{"href":"https:\/\/pueblodelarues.es\/index.php\/wp-json\/wp\/v2\/types\/page"}],"author":[{"embeddable":true,"href":"https:\/\/pueblodelarues.es\/index.php\/wp-json\/wp\/v2\/users\/2"}],"replies":[{"embeddable":true,"href":"https:\/\/pueblodelarues.es\/index.php\/wp-json\/wp\/v2\/comments?post=88"}],"version-history":[{"count":1,"href":"https:\/\/pueblodelarues.es\/index.php\/wp-json\/wp\/v2\/pages\/88\/revisions"}],"predecessor-version":[{"id":1671,"href":"https:\/\/pueblodelarues.es\/index.php\/wp-json\/wp\/v2\/pages\/88\/revisions\/1671"}],"up":[{"embeddable":true,"href":"https:\/\/pueblodelarues.es\/index.php\/wp-json\/wp\/v2\/pages\/48"}],"wp:featuredmedia":[{"embeddable":true,"href":"https:\/\/pueblodelarues.es\/index.php\/wp-json\/wp\/v2\/media\/1670"}],"wp:attachment":[{"href":"https:\/\/pueblodelarues.es\/index.php\/wp-json\/wp\/v2\/media?parent=88"}],"curies":[{"name":"wp","href":"https:\/\/api.w.org\/{rel}","templated":true}]}}