{"id":77,"date":"2021-09-11T13:21:04","date_gmt":"2021-09-11T13:21:04","guid":{"rendered":"https:\/\/pueblodelarues.es\/?page_id=77"},"modified":"2024-08-03T16:04:32","modified_gmt":"2024-08-03T16:04:32","slug":"situacion","status":"publish","type":"page","link":"https:\/\/pueblodelarues.es\/index.php\/turismo\/situacion\/","title":{"rendered":"Situaci\u00f3n"},"content":{"rendered":"\n<p>El pueblo de Laru\u00e9s, se encuentra situado en una planicie que se abre tras sobrepasar el puerto de Santa B\u00e1rbara, quedando al oeste de Bailo.<\/p>\n\n\n\n<figure class=\"wp-block-image size-full\"><img loading=\"lazy\" decoding=\"async\" width=\"1024\" height=\"392\" src=\"https:\/\/pueblodelarues.es\/wordpress\/wp-content\/uploads\/2024\/08\/Sin-titulo.jpg\" alt=\"\" class=\"wp-image-1696\"\/><\/figure>\n\n\n\n<p>Seg\u00fan el diccionario Geogr\u00e1fico Madoz de mediados del siglo XIX Laru\u00e9s\/Larrues era una aldea del partido judicial de Jaca situada \u00aben un llano en las inmediaciones de la sierra de Lumbier y no lejos de la margen izquierda del r\u00edo Arag\u00f3n\u00bb.<\/p>\n\n\n\n<p>Se ubica a una altitud de 744 m y con una extensi\u00f3n que supera los 30 km cuadrados de superficie.&nbsp;<br>Su orograf\u00eda pasa de los 1.231 m en el punto geod\u00e9sico de San Gorr\u00edn a los escasos 660 m en el paraje denominado la Cuevaza.<\/p>\n\n\n\n<p>Est\u00e1 a una distancia aproximada de 70 km de la capital de provincia (Huesca).<\/p>\n\n\n\n<p>Pertenece a la comarca de la Jacetania.<\/p>\n\n\n\n<p>La Localidad de Laru\u00e9s, (por Decreto del Ministerio de la Gobernaci\u00f3n 178\/1.971, de 28 de Enero (<a href=\"https:\/\/www.boe.es\/boe\/dias\/1971\/02\/08\/pdfs\/A02016-02016.pdf\">B.O.E N\u00ba33, de 8 de Febrero<\/a>), fue fusionada al municipio de Bailo, constituyendo una Entidad Local Menor. Esto significa que tiene independencia para la gesti\u00f3n de sus intereses.&nbsp;&nbsp;&nbsp;&nbsp;&nbsp;&nbsp;&nbsp;<\/p>\n\n\n\n<p>Tiene alcalde ped\u00e1neo, dependiente del ayuntamiento de Bailo.<\/p>\n\n\n\n<p><strong>\u00bfC\u00f3mo llegar?<\/strong><\/p>\n\n\n\n<ul class=\"wp-block-list\">\n<li>Siguiendo la N-240 desde Huesca por Jaca hasta Puente la Reina de Jaca, donde se coge el desv\u00edo hacia\u00a0Huesca\u00a0por la A-132\u00a0hasta\u00a0Bailo.<\/li>\n\n\n\n<li>Siguiendo la A-132\u00a0 desde Huesca por Ayerbe hasta Bailo.<br><\/li>\n<\/ul>\n\n\n\n<p>En Bailo hay que coger el desv\u00edo hacia Laru\u00e9s por la A-2602, y a 3 km se encuentra este bonito pueblo.<\/p>\n","protected":false},"excerpt":{"rendered":"<p>El pueblo de Laru\u00e9s, se encuentra situado en una planicie que se abre tras sobrepasar el puerto de Santa B\u00e1rbara, quedando al oeste de Bailo. Seg\u00fan el diccionario Geogr\u00e1fico Madoz de mediados del siglo XIX Laru\u00e9s\/Larrues era una aldea del partido judicial de Jaca situada \u00aben un llano en las inmediaciones de la sierra de Lumbier y no lejos de la margen izquierda del r\u00edo Arag\u00f3n\u00bb. Se ubica a una altitud de 744 m y con una extensi\u00f3n que supera&#8230;<\/p>\n<p class=\"read-more\"><a class=\"btn btn-default\" href=\"https:\/\/pueblodelarues.es\/index.php\/turismo\/situacion\/\"> Leer m\u00e1s<span class=\"screen-reader-text\">  Leer m\u00e1s<\/span><\/a><\/p>\n","protected":false},"author":1,"featured_media":1543,"parent":36,"menu_order":0,"comment_status":"closed","ping_status":"closed","template":"","meta":{"footnotes":""},"class_list":["post-77","page","type-page","status-publish","has-post-thumbnail","hentry"],"_links":{"self":[{"href":"https:\/\/pueblodelarues.es\/index.php\/wp-json\/wp\/v2\/pages\/77","targetHints":{"allow":["GET"]}}],"collection":[{"href":"https:\/\/pueblodelarues.es\/index.php\/wp-json\/wp\/v2\/pages"}],"about":[{"href":"https:\/\/pueblodelarues.es\/index.php\/wp-json\/wp\/v2\/types\/page"}],"author":[{"embeddable":true,"href":"https:\/\/pueblodelarues.es\/index.php\/wp-json\/wp\/v2\/users\/1"}],"replies":[{"embeddable":true,"href":"https:\/\/pueblodelarues.es\/index.php\/wp-json\/wp\/v2\/comments?post=77"}],"version-history":[{"count":2,"href":"https:\/\/pueblodelarues.es\/index.php\/wp-json\/wp\/v2\/pages\/77\/revisions"}],"predecessor-version":[{"id":1697,"href":"https:\/\/pueblodelarues.es\/index.php\/wp-json\/wp\/v2\/pages\/77\/revisions\/1697"}],"up":[{"embeddable":true,"href":"https:\/\/pueblodelarues.es\/index.php\/wp-json\/wp\/v2\/pages\/36"}],"wp:featuredmedia":[{"embeddable":true,"href":"https:\/\/pueblodelarues.es\/index.php\/wp-json\/wp\/v2\/media\/1543"}],"wp:attachment":[{"href":"https:\/\/pueblodelarues.es\/index.php\/wp-json\/wp\/v2\/media?parent=77"}],"curies":[{"name":"wp","href":"https:\/\/api.w.org\/{rel}","templated":true}]}}