{"id":480,"date":"2021-10-12T15:15:52","date_gmt":"2021-10-12T15:15:52","guid":{"rendered":"https:\/\/pueblodelarues.es\/?page_id=480"},"modified":"2024-08-03T16:43:25","modified_gmt":"2024-08-03T16:43:25","slug":"politica-de-cookies","status":"publish","type":"page","link":"https:\/\/pueblodelarues.es\/index.php\/acerca-de\/politica-de-cookies\/","title":{"rendered":"Pol\u00edtica de cookies"},"content":{"rendered":"\n<p>Las cookies son peque\u00f1as cantidades de informaci\u00f3n que se almacenan en el navegador utilizado por cada usuario para que el servidor recuerde cierta informaci\u00f3n que posteriormente pueda utilizar.<\/p>\n\n\n\n<h4 class=\"wp-block-heading\">TIPOS DE COOKIES QUE UTILIZAMOS<\/h4>\n\n\n\n<p>Esta p\u00e1gina web s\u00f3lo utiliza cookies de funcionamiento, en ning\u00fan caso recabamos informaci\u00f3n sobre tu navegaci\u00f3n. <\/p>\n\n\n\n<figure class=\"wp-block-table\"><table class=\"has-fixed-layout\"><thead><tr><th>Cookie<\/th><th>Definici\u00f3n<\/th><\/tr><\/thead><tbody><tr><td>auth_cookie_consent<\/td><td>Almacena que has aceptado las cookies.<\/td><\/tr><tr><td>mod_auth_openidc_state_*<\/td><td>Almacena el estado de autenticaci\u00f3n.<\/td><\/tr><tr><td>mod_auth_openidc_session<\/td><td>Almacena el id de sesi\u00f3n del usuario (s\u00f3lo para usuarios que han iniciado sesi\u00f3n)<\/td><\/tr><\/tbody><\/table><\/figure>\n\n\n\n<p>Esta p\u00e1gina web <strong>no utiliza cookies de terceros<\/strong>, que son aquellas que se env\u00edan a tu ordenador o terminal desde un dominio o una p\u00e1gina web que no es gestionada por nosotros, sino por otra entidad que trata los datos obtenidos a trav\u00e9s de las cookies.<\/p>\n\n\n\n<p>Para informarse sobre c\u00f3mo eliminar las cookies de su explorador:<\/p>\n\n\n\n<ul class=\"wp-block-list\">\n<li><a href=\"https:\/\/support.mozilla.org\/es\/kb\/habilitar-y-deshabilitar-cookies-sitios-web-rastrear-preferencias\" target=\"_blank\" rel=\"noreferrer noopener\">Firefox<\/a><\/li>\n\n\n\n<li><a href=\"https:\/\/support.google.com\/chrome\/answer\/95647?hl=es\" target=\"_blank\" rel=\"noreferrer noopener\">Chrome<\/a><\/li>\n\n\n\n<li><a href=\"https:\/\/support.microsoft.com\/es-es\/topic\/eliminar-y-administrar-cookies-168dab11-0753-043d-7c16-ede5947fc64d\" target=\"_blank\" rel=\"noreferrer noopener\">Internet Explorer<\/a><\/li>\n\n\n\n<li><a href=\"https:\/\/support.apple.com\/kb\/PH19214?viewlocale=es_ES&amp;locale=es_ES\" target=\"_blank\" rel=\"noreferrer noopener\">Safari<\/a><\/li>\n\n\n\n<li><a href=\"https:\/\/www.allaboutcookies.org\/es\/administrar-las-cookies\/opera.html\" target=\"_blank\" rel=\"noreferrer noopener\">Opera<\/a><\/li>\n<\/ul>\n","protected":false},"excerpt":{"rendered":"<p>Las cookies son peque\u00f1as cantidades de informaci\u00f3n que se almacenan en el navegador utilizado por cada usuario para que el servidor recuerde cierta informaci\u00f3n que posteriormente pueda utilizar. TIPOS DE COOKIES QUE UTILIZAMOS Esta p\u00e1gina web s\u00f3lo utiliza cookies de funcionamiento, en ning\u00fan caso recabamos informaci\u00f3n sobre tu navegaci\u00f3n. Cookie Definici\u00f3n auth_cookie_consent Almacena que has aceptado las cookies. mod_auth_openidc_state_* Almacena el estado de autenticaci\u00f3n. mod_auth_openidc_session Almacena el id de sesi\u00f3n del usuario (s\u00f3lo para usuarios que han iniciado sesi\u00f3n) Esta&#8230;<\/p>\n<p class=\"read-more\"><a class=\"btn btn-default\" href=\"https:\/\/pueblodelarues.es\/index.php\/acerca-de\/politica-de-cookies\/\"> Leer m\u00e1s<span class=\"screen-reader-text\">  Leer m\u00e1s<\/span><\/a><\/p>\n","protected":false},"author":1,"featured_media":0,"parent":11,"menu_order":2,"comment_status":"closed","ping_status":"closed","template":"","meta":{"footnotes":""},"class_list":["post-480","page","type-page","status-publish","hentry"],"_links":{"self":[{"href":"https:\/\/pueblodelarues.es\/index.php\/wp-json\/wp\/v2\/pages\/480","targetHints":{"allow":["GET"]}}],"collection":[{"href":"https:\/\/pueblodelarues.es\/index.php\/wp-json\/wp\/v2\/pages"}],"about":[{"href":"https:\/\/pueblodelarues.es\/index.php\/wp-json\/wp\/v2\/types\/page"}],"author":[{"embeddable":true,"href":"https:\/\/pueblodelarues.es\/index.php\/wp-json\/wp\/v2\/users\/1"}],"replies":[{"embeddable":true,"href":"https:\/\/pueblodelarues.es\/index.php\/wp-json\/wp\/v2\/comments?post=480"}],"version-history":[{"count":3,"href":"https:\/\/pueblodelarues.es\/index.php\/wp-json\/wp\/v2\/pages\/480\/revisions"}],"predecessor-version":[{"id":1699,"href":"https:\/\/pueblodelarues.es\/index.php\/wp-json\/wp\/v2\/pages\/480\/revisions\/1699"}],"up":[{"embeddable":true,"href":"https:\/\/pueblodelarues.es\/index.php\/wp-json\/wp\/v2\/pages\/11"}],"wp:attachment":[{"href":"https:\/\/pueblodelarues.es\/index.php\/wp-json\/wp\/v2\/media?parent=480"}],"curies":[{"name":"wp","href":"https:\/\/api.w.org\/{rel}","templated":true}]}}