{"id":46,"date":"2021-09-11T11:19:30","date_gmt":"2021-09-11T11:19:30","guid":{"rendered":"https:\/\/pueblodelarues.es\/?page_id=46"},"modified":"2024-06-24T17:53:51","modified_gmt":"2024-06-24T17:53:51","slug":"casco-urbano","status":"publish","type":"page","link":"https:\/\/pueblodelarues.es\/index.php\/conoce-larues\/casco-urbano\/","title":{"rendered":"Casco Urbano"},"content":{"rendered":"\n<p>El trazado de las calles sigue un recorrido a modo de anillos conc\u00e9ntricos en torno a la iglesia. Es posible que las casas m\u00e1s antiguas se situaran en las proximidades de la misma. La mayor\u00eda de las casas que vemos en la actualidad han sido objeto de ampliaciones y mejoras, y no conservan el aspecto que debieron tener en el pasado. Sin embargo, muchas de ellas ostentan en sus dinteles de piedra algunos signos grabados que nos remiten a ese pasado, probablemente al dominio de alg\u00fan se\u00f1or o instituci\u00f3n en alg\u00fan momento de su historia.<\/p>\n\n\n\n<!--<iframe id=\"visor-casas-3d\" title=\"Visor de casas 3D\" width=\"100%\" height=\"500px\" src=\"https:\/\/pueblodelarues.es\/casas3d\" loading=\"lazy\">\n<\/iframe>-->\n\n\n\n<p>Aqu\u00ed encontrar\u00e1s informaci\u00f3n sobre las casas y los s\u00edmbolos que puedes encontrar dentro de la localidad. <\/p>\n\n\n\n<p><\/p>\n","protected":false},"excerpt":{"rendered":"<p>El trazado de las calles sigue un recorrido a modo de anillos conc\u00e9ntricos en torno a la iglesia. Es posible que las casas m\u00e1s antiguas se situaran en las proximidades de la misma. La mayor\u00eda de las casas que vemos en la actualidad han sido objeto de ampliaciones y mejoras, y no conservan el aspecto que debieron tener en el pasado. Sin embargo, muchas de ellas ostentan en sus dinteles de piedra algunos signos grabados que nos remiten a ese&#8230;<\/p>\n<p class=\"read-more\"><a class=\"btn btn-default\" href=\"https:\/\/pueblodelarues.es\/index.php\/conoce-larues\/casco-urbano\/\"> Leer m\u00e1s<span class=\"screen-reader-text\">  Leer m\u00e1s<\/span><\/a><\/p>\n","protected":false},"author":1,"featured_media":1680,"parent":38,"menu_order":1,"comment_status":"closed","ping_status":"closed","template":"","meta":{"footnotes":""},"class_list":["post-46","page","type-page","status-publish","has-post-thumbnail","hentry"],"_links":{"self":[{"href":"https:\/\/pueblodelarues.es\/index.php\/wp-json\/wp\/v2\/pages\/46","targetHints":{"allow":["GET"]}}],"collection":[{"href":"https:\/\/pueblodelarues.es\/index.php\/wp-json\/wp\/v2\/pages"}],"about":[{"href":"https:\/\/pueblodelarues.es\/index.php\/wp-json\/wp\/v2\/types\/page"}],"author":[{"embeddable":true,"href":"https:\/\/pueblodelarues.es\/index.php\/wp-json\/wp\/v2\/users\/1"}],"replies":[{"embeddable":true,"href":"https:\/\/pueblodelarues.es\/index.php\/wp-json\/wp\/v2\/comments?post=46"}],"version-history":[{"count":1,"href":"https:\/\/pueblodelarues.es\/index.php\/wp-json\/wp\/v2\/pages\/46\/revisions"}],"predecessor-version":[{"id":1681,"href":"https:\/\/pueblodelarues.es\/index.php\/wp-json\/wp\/v2\/pages\/46\/revisions\/1681"}],"up":[{"embeddable":true,"href":"https:\/\/pueblodelarues.es\/index.php\/wp-json\/wp\/v2\/pages\/38"}],"wp:featuredmedia":[{"embeddable":true,"href":"https:\/\/pueblodelarues.es\/index.php\/wp-json\/wp\/v2\/media\/1680"}],"wp:attachment":[{"href":"https:\/\/pueblodelarues.es\/index.php\/wp-json\/wp\/v2\/media?parent=46"}],"curies":[{"name":"wp","href":"https:\/\/api.w.org\/{rel}","templated":true}]}}