{"id":432,"date":"2021-11-15T15:10:12","date_gmt":"2021-11-15T15:10:12","guid":{"rendered":"https:\/\/pueblodelarues.es\/?page_id=432"},"modified":"2024-06-24T17:42:05","modified_gmt":"2024-06-24T17:42:05","slug":"un-molino-de-mano-neolitico","status":"publish","type":"page","link":"https:\/\/pueblodelarues.es\/index.php\/conoce-larues\/historia\/enigmas\/un-molino-de-mano-neolitico\/","title":{"rendered":"\u00bfUn molino de mano neol\u00edtico?"},"content":{"rendered":"\n<figure class=\"wp-block-image size-full\"><img decoding=\"async\" src=\"https:\/\/pueblodelarues.es\/wp-content\/uploads\/2021\/10\/DSCN7687.jpg\" alt=\"\" class=\"wp-image-485\"\/><\/figure>\n\n\n\n<p>Cuando paseo por Camino Santiago, y desde otras zonas m\u00e1s alejadas del pueblo, la vista se me posa en una peque\u00f1a loma redondeada, cuya silueta se destaca recortada  sobre el cielo. All\u00ed est\u00e1n tambi\u00e9n dos corrales, uno de casa de Paulina y otro de casa de Juan Jos\u00e9. La forma peculiar del conjunto, siempre sobre un horizonte amplio en el que se suceden las estaciones, siempre me ha atra\u00eddo. Es como si guardara un secreto, como si all\u00ed hubiera algo que se remonta al inicio de los tiempos.<\/p>\n\n\n\n<figure class=\"wp-block-image size-full\"><img decoding=\"async\" src=\"https:\/\/pueblodelarues.es\/wp-content\/uploads\/2021\/10\/Santiago.png\" alt=\"\" class=\"wp-image-486\"\/><\/figure>\n\n\n\n<p>Accediendo a la era de Paulina se ve un mont\u00f3n de piedras, resultado, probablemente, de la remodelaci\u00f3n de alg\u00fan edificio, pero all\u00ed depositadas, durmiendo su sue\u00f1o. <\/p>\n\n\n\n<figure class=\"wp-block-image size-full\"><img decoding=\"async\" src=\"https:\/\/pueblodelarues.es\/wp-content\/uploads\/2021\/10\/DSCN7701.jpg\" alt=\"\" class=\"wp-image-488\"\/><\/figure>\n\n\n\n<p> Y entre dichas piedras destaca una, totalmente diferente, ajena a las dem\u00e1s, con una forma perfecta, pulida. \u00bfQu\u00e9 es? <\/p>\n\n\n\n<figure class=\"wp-block-image size-full\"><img decoding=\"async\" src=\"https:\/\/pueblodelarues.es\/wp-content\/uploads\/2021\/10\/DSCN5742.jpg\" alt=\"\" class=\"wp-image-489\"\/><\/figure>\n\n\n\n<p>Se parece notablemente a la \u00abmuela\u00bb de los molinos m\u00e1s antiguos que han existido: los molinos de mano del Neol\u00edtico, etapa de la Prehistoria en  la que se \u00abdescubri\u00f3\u00bb la agricultura. <\/p>\n\n\n\n<div class=\"wp-block-media-text alignwide is-stacked-on-mobile\"><figure class=\"wp-block-media-text__media\"><img decoding=\"async\" src=\"https:\/\/pueblodelarues.es\/wp-content\/uploads\/2021\/10\/oie_14182747vbBVSNgU.png\" alt=\"\" class=\"wp-image-490 size-full\"\/><\/figure><div class=\"wp-block-media-text__content\">\n<p><\/p>\n\n\n\n<p class=\"has-normal-font-size\">El grano del cereal se colocaba sobre una piedra horizontal, ligeramente curvada o abarquillada. Con ambas manos se sujetaba la muela, que se deslizaba presionando sobre el grano, para obtener la harina.<\/p>\n<\/div><\/div>\n\n\n\n<p>Resulta curioso saber que este tipo de molino primitivo se ha usado en culturas muy diferentes, tanto de Europa como de otros continentes. <\/p>\n\n\n\n<div class=\"wp-block-media-text alignwide has-media-on-the-right is-stacked-on-mobile\"><figure class=\"wp-block-media-text__media\"><img loading=\"lazy\" decoding=\"async\" width=\"793\" height=\"799\" src=\"https:\/\/pueblodelarues.es\/wp-content\/uploads\/2022\/08\/Vicente-fotos-026a1254-recortada.png\" alt=\"\" class=\"wp-image-1535 size-full\"\/><\/figure><div class=\"wp-block-media-text__content\">\n<p>Muchacha usando un peque\u00f1o molino de mano en la Rep\u00fablica Democr\u00e1tica del Congo (foto gentileza de Vicente Clemente, misionero comboniano)<\/p>\n<\/div><\/div>\n\n\n\n<p>No podemos saber con seguridad si la piedra encontrada en la Era de Paulina pertenec\u00eda a un antiguo molino de mano neol\u00edtico. Tampoco sabemos c\u00f3mo ha ido a parar all\u00ed. Si estamos en lo cierto, se tratar\u00eda del vestigio arqueol\u00f3gico m\u00e1s antiguo que tenemos en el pueblo (de momento).<\/p>\n","protected":false},"excerpt":{"rendered":"<p>Cuando paseo por Camino Santiago, y desde otras zonas m\u00e1s alejadas del pueblo, la vista se me posa en una peque\u00f1a loma redondeada, cuya silueta se destaca recortada sobre el cielo. All\u00ed est\u00e1n tambi\u00e9n dos corrales, uno de casa de Paulina y otro de casa de Juan Jos\u00e9. La forma peculiar del conjunto, siempre sobre un horizonte amplio en el que se suceden las estaciones, siempre me ha atra\u00eddo. Es como si guardara un secreto, como si all\u00ed hubiera algo&#8230;<\/p>\n<p class=\"read-more\"><a class=\"btn btn-default\" href=\"https:\/\/pueblodelarues.es\/index.php\/conoce-larues\/historia\/enigmas\/un-molino-de-mano-neolitico\/\"> Leer m\u00e1s<span class=\"screen-reader-text\">  Leer m\u00e1s<\/span><\/a><\/p>\n","protected":false},"author":2,"featured_media":1669,"parent":90,"menu_order":0,"comment_status":"closed","ping_status":"closed","template":"","meta":{"footnotes":""},"class_list":["post-432","page","type-page","status-publish","has-post-thumbnail","hentry"],"_links":{"self":[{"href":"https:\/\/pueblodelarues.es\/index.php\/wp-json\/wp\/v2\/pages\/432","targetHints":{"allow":["GET"]}}],"collection":[{"href":"https:\/\/pueblodelarues.es\/index.php\/wp-json\/wp\/v2\/pages"}],"about":[{"href":"https:\/\/pueblodelarues.es\/index.php\/wp-json\/wp\/v2\/types\/page"}],"author":[{"embeddable":true,"href":"https:\/\/pueblodelarues.es\/index.php\/wp-json\/wp\/v2\/users\/2"}],"replies":[{"embeddable":true,"href":"https:\/\/pueblodelarues.es\/index.php\/wp-json\/wp\/v2\/comments?post=432"}],"version-history":[{"count":2,"href":"https:\/\/pueblodelarues.es\/index.php\/wp-json\/wp\/v2\/pages\/432\/revisions"}],"predecessor-version":[{"id":1538,"href":"https:\/\/pueblodelarues.es\/index.php\/wp-json\/wp\/v2\/pages\/432\/revisions\/1538"}],"up":[{"embeddable":true,"href":"https:\/\/pueblodelarues.es\/index.php\/wp-json\/wp\/v2\/pages\/90"}],"wp:featuredmedia":[{"embeddable":true,"href":"https:\/\/pueblodelarues.es\/index.php\/wp-json\/wp\/v2\/media\/1669"}],"wp:attachment":[{"href":"https:\/\/pueblodelarues.es\/index.php\/wp-json\/wp\/v2\/media?parent=432"}],"curies":[{"name":"wp","href":"https:\/\/api.w.org\/{rel}","templated":true}]}}