{"id":38,"date":"2021-09-11T11:14:07","date_gmt":"2021-09-11T11:14:07","guid":{"rendered":"https:\/\/pueblodelarues.es\/?page_id=38"},"modified":"2024-06-24T18:17:10","modified_gmt":"2024-06-24T18:17:10","slug":"conoce-larues","status":"publish","type":"page","link":"https:\/\/pueblodelarues.es\/index.php\/conoce-larues\/","title":{"rendered":"Conoce Laru\u00e9s"},"content":{"rendered":"\n<p>Es posible que no sepas nada acerca de \u00e9ste pueblo. Y si no es as\u00ed, no te hagas el listo, que seguro que no lo sabes todo&#8230; <\/p>\n\n\n\n<p>Laru\u00e9s, aunque peque\u00f1o, tiene su historia y una inmensa cantidad de curiosidades. Parte de ello lo hemos recopilado y condensado con mimo en esta secci\u00f3n&#8230; \u00a1y lo que nos queda!<\/p>\n\n\n\n<p>Te animamos a que te pierdas un poco por estas p\u00e1ginas, quiz\u00e1 en un rato encuentres algo acerca de Laru\u00e9s que te haga arquear las cejas.<\/p>\n","protected":false},"excerpt":{"rendered":"<p>Es posible que no sepas nada acerca de \u00e9ste pueblo. Y si no es as\u00ed, no te hagas el listo, que seguro que no lo sabes todo&#8230; Laru\u00e9s, aunque peque\u00f1o, tiene su historia y una inmensa cantidad de curiosidades. Parte de ello lo hemos recopilado y condensado con mimo en esta secci\u00f3n&#8230; \u00a1y lo que nos queda! Te animamos a que te pierdas un poco por estas p\u00e1ginas, quiz\u00e1 en un rato encuentres algo acerca de Laru\u00e9s que te haga&#8230;<\/p>\n<p class=\"read-more\"><a class=\"btn btn-default\" href=\"https:\/\/pueblodelarues.es\/index.php\/conoce-larues\/\"> Leer m\u00e1s<span class=\"screen-reader-text\">  Leer m\u00e1s<\/span><\/a><\/p>\n","protected":false},"author":1,"featured_media":1684,"parent":0,"menu_order":0,"comment_status":"closed","ping_status":"closed","template":"","meta":{"footnotes":""},"class_list":["post-38","page","type-page","status-publish","has-post-thumbnail","hentry"],"_links":{"self":[{"href":"https:\/\/pueblodelarues.es\/index.php\/wp-json\/wp\/v2\/pages\/38","targetHints":{"allow":["GET"]}}],"collection":[{"href":"https:\/\/pueblodelarues.es\/index.php\/wp-json\/wp\/v2\/pages"}],"about":[{"href":"https:\/\/pueblodelarues.es\/index.php\/wp-json\/wp\/v2\/types\/page"}],"author":[{"embeddable":true,"href":"https:\/\/pueblodelarues.es\/index.php\/wp-json\/wp\/v2\/users\/1"}],"replies":[{"embeddable":true,"href":"https:\/\/pueblodelarues.es\/index.php\/wp-json\/wp\/v2\/comments?post=38"}],"version-history":[{"count":2,"href":"https:\/\/pueblodelarues.es\/index.php\/wp-json\/wp\/v2\/pages\/38\/revisions"}],"predecessor-version":[{"id":1685,"href":"https:\/\/pueblodelarues.es\/index.php\/wp-json\/wp\/v2\/pages\/38\/revisions\/1685"}],"wp:featuredmedia":[{"embeddable":true,"href":"https:\/\/pueblodelarues.es\/index.php\/wp-json\/wp\/v2\/media\/1684"}],"wp:attachment":[{"href":"https:\/\/pueblodelarues.es\/index.php\/wp-json\/wp\/v2\/media?parent=38"}],"curies":[{"name":"wp","href":"https:\/\/api.w.org\/{rel}","templated":true}]}}