{"id":36,"date":"2021-09-11T11:13:36","date_gmt":"2021-09-11T11:13:36","guid":{"rendered":"https:\/\/pueblodelarues.es\/?page_id=36"},"modified":"2024-06-24T18:03:06","modified_gmt":"2024-06-24T18:03:06","slug":"turismo","status":"publish","type":"page","link":"https:\/\/pueblodelarues.es\/index.php\/turismo\/","title":{"rendered":"Turismo"},"content":{"rendered":"\n<p>Laru\u00e9s ha perdido poblaci\u00f3n, pero los que permanecen en el lugar y los visitantes vacacionales cuidan su pueblo. Todav\u00eda se pueden encontrar rincones acogedores y las casas, aunque en su mayor\u00eda ya no conserven su aspecto ancestral, muestran su rostro renovado con la ilusi\u00f3n de vivir con los nuevos tiempos. No dej\u00e9is de fijaros en los dinteles de piedra, verdadero cat\u00e1logo de signos que rememoran su historia. Observad su iglesia: la lonja que ampara la portalada y su lado norte, testigo de las numerosas reformas que ha sufrido en el curso del tiempo. Pasead por sus calles, bajo el sol, sintiendo el silencio y el vuelo de los p\u00e1jaros.<\/p>\n\n\n\n<p>Y despu\u00e9s, o antes, como quer\u00e1is, visitad El Molino de Laru\u00e9s, donde Joaqu\u00edn Moreno os sorprender\u00e1 con su cocina sabia y cuidada, siempre innovadora, pero con productos de proximidad y los mejores ingredientes, tradicionales y modernos.<\/p>\n\n\n\n<p>Y m\u00e1s tarde, si quer\u00e9is, pod\u00e9is realizar alguno de los recorridos que os proponemos. Si os adentr\u00e1is por los caminos y os dej\u00e1is llevar por ellos, podr\u00e9is llegar a lugares desde los que se ve \u00a1todav\u00eda mejor! el maravilloso paisaje que se ofrece desde este pueblo, con la silueta de San Juan de la Pe\u00f1a hacia el este y en el horizonte norte el incomparable marco de las lomas que se escalonan hasta llegar a la cordillera de los Pirineos, que desde aqu\u00ed se puede contemplar lejana, pero en toda su plenitud.<br>Por la Sierra o por los campos, disfrutad de la Naturaleza que os sale al encuentro.<\/p>\n","protected":false},"excerpt":{"rendered":"<p>Laru\u00e9s ha perdido poblaci\u00f3n, pero los que permanecen en el lugar y los visitantes vacacionales cuidan su pueblo. Todav\u00eda se pueden encontrar rincones acogedores y las casas, aunque en su mayor\u00eda ya no conserven su aspecto ancestral, muestran su rostro renovado con la ilusi\u00f3n de vivir con los nuevos tiempos. No dej\u00e9is de fijaros en los dinteles de piedra, verdadero cat\u00e1logo de signos que rememoran su historia. Observad su iglesia: la lonja que ampara la portalada y su lado norte,&#8230;<\/p>\n<p class=\"read-more\"><a class=\"btn btn-default\" href=\"https:\/\/pueblodelarues.es\/index.php\/turismo\/\"> Leer m\u00e1s<span class=\"screen-reader-text\">  Leer m\u00e1s<\/span><\/a><\/p>\n","protected":false},"author":1,"featured_media":1682,"parent":0,"menu_order":1,"comment_status":"closed","ping_status":"closed","template":"","meta":{"footnotes":""},"class_list":["post-36","page","type-page","status-publish","has-post-thumbnail","hentry"],"_links":{"self":[{"href":"https:\/\/pueblodelarues.es\/index.php\/wp-json\/wp\/v2\/pages\/36","targetHints":{"allow":["GET"]}}],"collection":[{"href":"https:\/\/pueblodelarues.es\/index.php\/wp-json\/wp\/v2\/pages"}],"about":[{"href":"https:\/\/pueblodelarues.es\/index.php\/wp-json\/wp\/v2\/types\/page"}],"author":[{"embeddable":true,"href":"https:\/\/pueblodelarues.es\/index.php\/wp-json\/wp\/v2\/users\/1"}],"replies":[{"embeddable":true,"href":"https:\/\/pueblodelarues.es\/index.php\/wp-json\/wp\/v2\/comments?post=36"}],"version-history":[{"count":1,"href":"https:\/\/pueblodelarues.es\/index.php\/wp-json\/wp\/v2\/pages\/36\/revisions"}],"predecessor-version":[{"id":1683,"href":"https:\/\/pueblodelarues.es\/index.php\/wp-json\/wp\/v2\/pages\/36\/revisions\/1683"}],"wp:featuredmedia":[{"embeddable":true,"href":"https:\/\/pueblodelarues.es\/index.php\/wp-json\/wp\/v2\/media\/1682"}],"wp:attachment":[{"href":"https:\/\/pueblodelarues.es\/index.php\/wp-json\/wp\/v2\/media?parent=36"}],"curies":[{"name":"wp","href":"https:\/\/api.w.org\/{rel}","templated":true}]}}