{"id":1588,"date":"2023-04-23T05:42:22","date_gmt":"2023-04-23T05:42:22","guid":{"rendered":"https:\/\/pueblodelarues.es\/?page_id=1588"},"modified":"2024-06-24T17:19:10","modified_gmt":"2024-06-24T17:19:10","slug":"biblioteca-antoni-mari","status":"publish","type":"page","link":"https:\/\/pueblodelarues.es\/index.php\/conoce-larues\/biblioteca-antoni-mari\/","title":{"rendered":"Biblioteca \u00abAntoni Mar\u00ed\u00bb"},"content":{"rendered":"\n<p>En el mismo edificio de la Entidad Local Menor se encuentra la biblioteca \u00abAntoni Mar\u00ed\u00bb, inaugurada por el escritor al que debe su nombre en Enero de 2011. Si tu afici\u00f3n es la lectura no dudes en visitarla, aqu\u00ed encontrar\u00e1s gran cantidad de libros donados por lo habitantes y por el propio autor Antoni Mar\u00ed. <\/p>\n\n\n\n<iframe loading=\"lazy\" src=\"https:\/\/pueblodelarues.es\/biblioteca\/?v=1.1.0\" title=\"Buscador de libros\" width=\"100%\" height=\"630px\" frameborder=\"0\"><\/iframe>\n\n\n\n<p class=\"has-text-align-center\"><sup>*El cat\u00e1logo anterior est\u00e1 actualizado a la fecha 31 de octubre de 2015. En la biblioteca existen muchos libros con fecha posterior que no est\u00e1n en el cat\u00e1logo.<\/sup><\/p>\n\n\n\n<p>Esta biblioteca tambi\u00e9n hace la funci\u00f3n de telecentro, ofreciendo ordenadores y wifi gratuito a todo aquel que lo requiera.<\/p>\n\n\n\n<h2 class=\"wp-block-heading\">El rinc\u00f3n de Laru\u00e9s<\/h2>\n\n\n\n<p>En esta biblioteca encontrar\u00e1s tambi\u00e9n <strong>el Rinc\u00f3n de Laru\u00e9s<\/strong>, un peque\u00f1o espacio que alberga contenido relacionado con Laru\u00e9s, como libros donde se menciona, apariciones en los medios, libros escritos por lugare\u00f1os, etc. El rinc\u00f3n todav\u00eda est\u00e1 en sus comienzos, poco a poco se ir\u00e1 llenando.<\/p>\n\n\n\n<figure class=\"wp-block-gallery has-nested-images columns-default is-cropped wp-block-gallery-1 is-layout-flex wp-block-gallery-is-layout-flex\">\n<figure class=\"wp-block-image size-large\"><img loading=\"lazy\" decoding=\"async\" width=\"810\" height=\"1080\" data-id=\"1605\" src=\"https:\/\/pueblodelarues.es\/wp-content\/uploads\/2023\/04\/Red1.jpg\" alt=\"\" class=\"wp-image-1605\"\/><\/figure>\n\n\n\n<figure class=\"wp-block-image size-large\"><img loading=\"lazy\" decoding=\"async\" width=\"810\" height=\"1080\" data-id=\"1606\" src=\"https:\/\/pueblodelarues.es\/wp-content\/uploads\/2023\/04\/Red2.jpg\" alt=\"\" class=\"wp-image-1606\"\/><\/figure>\n<\/figure>\n\n\n\n<div class=\"wp-block-group\"><div class=\"wp-block-group__inner-container is-layout-constrained wp-block-group-is-layout-constrained\">\n<div style=\"margin: 20pt; padding: 15pt; border-style: solid; border-width: 1pt; border-radius: 10pt;\">\n<p>A la atenci\u00f3n de los usuarios de la Biblioteca:<\/p>\n<p>\nLos materiales que figuran en el armario que hemos llamado \u201cRinc\u00f3n de Laru\u00e9s\u201d por su singularidad requieren de un tratamiento especial. Para proceder a su pr\u00e9stamo hemos habilitado un cuaderno espec\u00edfico, destinado a ello. Dicho pr\u00e9stamo no podr\u00e1 superar el tiempo de un mes, pero podr\u00e1 renovarse otro mes m\u00e1s, si fuera necesario.\n<\/p>\n<p>\nEl pr\u00e9stamo deber\u00e1 registrarlo en dicho cuaderno la persona que detente el cargo de Secretario\/a de la Entidad, durante su horario laboral. Si los que viv\u00eds fuera no pod\u00e9is hacerlo durante dicho horario, simplemente antes de retirar el ejemplar que dese\u00e1is os pon\u00e9is en contacto telef\u00f3nico con la Secretar\u00eda de Laru\u00e9s, para que \u00e9sta tenga constancia y lo anote en el cuaderno.\n<\/p>\n<p>\nContando de antemano con vuestra comprensi\u00f3n al respecto, esperamos que disfrut\u00e9is de estos peque\u00f1os tesoros que, poco a poco, pensamos incrementar.\n<\/p>\n<p>\nEn el mismo cuaderno destinado a los pr\u00e9stamos se efectuar\u00e1 un sencillo inventario, dej\u00e1ndose constancia del origen de cada uno de los componentes de nuestro \u201cRinc\u00f3n\u201d. Por supuesto, si alguien cree poseer alg\u00fan libro, revista o cualquier otro material que hable de Laru\u00e9s o haya sido producido por alguien relacionado con Laru\u00e9s y quiera donarlo, o cederlo para su digitalizaci\u00f3n, la puerta del armario estar\u00e1 abierta para todos.\n<\/p>\n<\/div>\n<\/div><\/div>\n\n\n\n<h2 class=\"wp-block-heading\">\u00a1Quiero leer un libro!<\/h2>\n\n\n\n<p>Si est\u00e1s interesado en leer un libro puedes entrar a la biblioteca y leer todo el contenido que desees. Si te lo quieres llevar a casa, recuerda apuntarte en el <strong>libro de registro<\/strong> que encontrar\u00e1s en el mismo local.<\/p>\n\n\n\n<h2 class=\"wp-block-heading\">Normas<\/h2>\n\n\n\n<p class=\"has-text-align-center\">NORMAS DE USO DEL TELECENTRO DE LA ENTIDAD LOCAL MENOR DE LARUES<\/p>\n\n\n\n<ul class=\"wp-block-list\">\n<li>EI Horario ver\u00e1 de 17:00 a 20:00 h de Lunes a Domingos (podr\u00e1 ampliarse puntualmente hasta las 21:00 h), y siempre que este abierta la Secretaria de la Entidad Local Menor de Laru\u00e9s.\n<ul class=\"wp-block-list\">\n<li>Los usuarios deber\u00e1n hacer constar en las hojas-registro su nombre y firma, d\u00eda y hora de entrada<\/li>\n\n\n\n<li>El tiempo de uso del ordenador ser\u00e1 de una hora, debi\u00e9ndolo ceder a otro usuario que est\u00e9 en espera cuando cumpla<\/li>\n\n\n\n<li>Estando todos los ordenadores ocupados, se inscribir\u00e1 solo el nombre, y se comunicara al usuario que mas tiempo lleve que debe cederle el ordenador, si ha cumplido su hora, si no se ha cumplido aun, Ie avisar\u00e1 de la hora en que cumple y deber\u00e1 ced\u00e9rselo entonces, si no ha quedado en el intervalo ning\u00fan ordenador libre<\/li>\n<\/ul>\n<\/li>\n\n\n\n<li>Se garantizar\u00e1 el respeto entre los usuarios de modo que en el Telecentro sea posible trabajar debidamente sin ruidos ni molestias causadas por otros usuarios. Se establecer\u00e1n los siguientes usos prioritarios de los equipos\n<ul class=\"wp-block-list\">\n<li>Acceso a portales y servicios de la Administraci\u00f3n<\/li>\n\n\n\n<li>Proyectos de teletrabajo, formaci\u00f3n y teleformaci\u00f3n<\/li>\n\n\n\n<li>B\u00fasqueda de empleo\/orientaci\u00f3n profesional<\/li>\n\n\n\n<li>Realizaci\u00f3n de trabajo o actividades acad\u00e9micas<\/li>\n\n\n\n<li>Realizaci\u00f3n de otras actividades o b\u00fasquedas<br>El Telecentro no es un sal\u00f3n de juegos, por tanto, aquellos que solamente est\u00e9n jugando deber\u00e1n ceder el ordenador aunque no haya cumplido su hora de uso a aquellos que deban realizar una de las actividades<\/li>\n<\/ul>\n<\/li>\n\n\n\n<li>Se garantizar\u00e1 la limpieza del Telecentro, debiendo los usuarios dejarlo en perfecto estado de orden y limpieza. Se proh\u00edbe entrar bebidas y comida, as\u00ed como fumar. La calefacci\u00f3n deber\u00e1 quedar en 15\u00ba a la salida del \u00faltimo usuario.<\/li>\n\n\n\n<li>No se podr\u00e1 acceder a p\u00e1ginas web con contenidos pornogr\u00e1ficos, racistas, xen\u00f3fobos, sexistas, violentos o terroristas.<\/li>\n\n\n\n<li>No se podr\u00e1 instalar en los equipos ning\u00fan tipo de programa o aplicaci\u00f3n sin autorizaci\u00f3n de los responsables del telecentro.<\/li>\n\n\n\n<li>El uso indebido de los equipos o el incumplimiento de estas normas supondr\u00e1 la expulsi\u00f3n:\n<ul class=\"wp-block-list\">\n<li>1er apercibimiento &#8211; por el plazo de un mes<\/li>\n\n\n\n<li>2p apercibimiento &#8211; por el plazo de tres meses<\/li>\n\n\n\n<li>3er apercibimiento &#8211; Definitivo<br>El deterioro o rotura de los equipos y mobiliario del telecentro por mal uso supondr\u00e1 la expulsi\u00f3n definitiva y la reposici\u00f3n del material deteriorado o el importe del valor del mismo.<\/li>\n<\/ul>\n<\/li>\n\n\n\n<li>Los menores de 12 a\u00f1os, deber\u00e1n acceder al Telecentro acompa\u00f1ados de un adulto, los menores de 18 a\u00f1os lo har\u00e1n previa autorizaci\u00f3n de su padre o tutor, que se responsabilizar\u00e1 de sus acciones y comportamiento<\/li>\n\n\n\n<li>El uso del telecentro requiere la aceptaci\u00f3n por escrito de estas normas, en el caso de menores la autorizaci\u00f3n y aceptaci\u00f3n por parte del padre, madre o tutor.<\/li>\n<\/ul>\n\n\n\n<p><\/p>\n","protected":false},"excerpt":{"rendered":"<p>En el mismo edificio de la Entidad Local Menor se encuentra la biblioteca \u00abAntoni Mar\u00ed\u00bb, inaugurada por el escritor al que debe su nombre en Enero de 2011. Si tu afici\u00f3n es la lectura no dudes en visitarla, aqu\u00ed encontrar\u00e1s gran cantidad de libros donados por lo habitantes y por el propio autor Antoni Mar\u00ed. *El cat\u00e1logo anterior est\u00e1 actualizado a la fecha 31 de octubre de 2015. En la biblioteca existen muchos libros con fecha posterior que no est\u00e1n&#8230;<\/p>\n<p class=\"read-more\"><a class=\"btn btn-default\" href=\"https:\/\/pueblodelarues.es\/index.php\/conoce-larues\/biblioteca-antoni-mari\/\"> Leer m\u00e1s<span class=\"screen-reader-text\">  Leer m\u00e1s<\/span><\/a><\/p>\n","protected":false},"author":1,"featured_media":1648,"parent":38,"menu_order":10,"comment_status":"closed","ping_status":"closed","template":"","meta":{"footnotes":""},"class_list":["post-1588","page","type-page","status-publish","has-post-thumbnail","hentry"],"_links":{"self":[{"href":"https:\/\/pueblodelarues.es\/index.php\/wp-json\/wp\/v2\/pages\/1588","targetHints":{"allow":["GET"]}}],"collection":[{"href":"https:\/\/pueblodelarues.es\/index.php\/wp-json\/wp\/v2\/pages"}],"about":[{"href":"https:\/\/pueblodelarues.es\/index.php\/wp-json\/wp\/v2\/types\/page"}],"author":[{"embeddable":true,"href":"https:\/\/pueblodelarues.es\/index.php\/wp-json\/wp\/v2\/users\/1"}],"replies":[{"embeddable":true,"href":"https:\/\/pueblodelarues.es\/index.php\/wp-json\/wp\/v2\/comments?post=1588"}],"version-history":[{"count":20,"href":"https:\/\/pueblodelarues.es\/index.php\/wp-json\/wp\/v2\/pages\/1588\/revisions"}],"predecessor-version":[{"id":1651,"href":"https:\/\/pueblodelarues.es\/index.php\/wp-json\/wp\/v2\/pages\/1588\/revisions\/1651"}],"up":[{"embeddable":true,"href":"https:\/\/pueblodelarues.es\/index.php\/wp-json\/wp\/v2\/pages\/38"}],"wp:featuredmedia":[{"embeddable":true,"href":"https:\/\/pueblodelarues.es\/index.php\/wp-json\/wp\/v2\/media\/1648"}],"wp:attachment":[{"href":"https:\/\/pueblodelarues.es\/index.php\/wp-json\/wp\/v2\/media?parent=1588"}],"curies":[{"name":"wp","href":"https:\/\/api.w.org\/{rel}","templated":true}]}}