{"id":148,"date":"2021-09-11T18:15:32","date_gmt":"2021-09-11T18:15:32","guid":{"rendered":"https:\/\/pueblodelarues.es\/?page_id=148"},"modified":"2024-08-19T13:08:58","modified_gmt":"2024-08-19T13:08:58","slug":"lugares-de-interes","status":"publish","type":"page","link":"https:\/\/pueblodelarues.es\/index.php\/turismo\/lugares-de-interes\/","title":{"rendered":"Lugares de inter\u00e9s"},"content":{"rendered":"\n<div class=\"wp-block-media-text alignwide is-stacked-on-mobile\" style=\"grid-template-columns:38% auto\"><figure class=\"wp-block-media-text__media\"><img decoding=\"async\" src=\"https:\/\/pueblodelarues.es\/wp-content\/uploads\/2021\/09\/DSCN0735-1.jpg\" alt=\"\" class=\"wp-image-201 size-full\"\/><\/figure><div class=\"wp-block-media-text__content\">\n<h2 class=\"wp-block-heading\">Iglesia parroquial de San Vicente M\u00e1rtir<\/h2>\n\n\n\n<p>La Iglesia parroquial, dedicada a San Vicente M\u00e1rtir, es de origen medieval y ha sufrido numerosas remodelaciones. Se compone de tres naves y transepto que apenas sobresale en planta. Dichas naves est\u00e1n cubiertas por b\u00f3vedas de crucer\u00eda, de terceletes en la nave central y en la lateral sur y flam\u00edgera en la lateral norte. Sobre el crucero se eleva un cimborio octogonal. Sobresale su portada g\u00f3tica de tendencia flam\u00edgera. La torre se alza con tres cuerpos de planta cuadrada.<\/p>\n\n\n\n<p>Las reformas llevadas a cabo durante el s. XVII para su ampliaci\u00f3n modificaron su primitiva fisonom\u00eda. \u00a0\u00a0 \u00a0\u00a0<br>En el interior se conserva la capilla de tracer\u00eda g\u00f3tica y un retablo plateresco del siglo XVI dedicado a la Virgen.<\/p>\n\n\n\n<p>El retablo mayor esta dedicado al patr\u00f3n del pueblo (San Vicente). Fue realizado a principios del s. XVII por Juan de Berroeta, artista que efectu\u00f3 varios trabajos por la zona. Existe otro retablo dedicado a San Vicente que se encuentra en uno de los laterales de la iglesia.<\/p>\n\n\n\n<p class=\"has-text-align-center\">\u00a0<a href=\"https:\/\/pueblodelarues.es\/conoce-larues\/historia\/monografias\/iglesia-de-san-vicente-martir-de-larues\/\">Saber m\u00e1s<\/a><\/p>\n<\/div><\/div>\n\n\n\n<div class=\"wp-block-media-text alignwide has-media-on-the-right is-stacked-on-mobile\" style=\"grid-template-columns:auto 37%\"><div class=\"wp-block-media-text__content\">\n<h2 class=\"wp-block-heading\">Ermita de San Crist\u00f3bal<\/h2>\n\n\n\n<p>A pocos metros del pueblo en direcci\u00f3n sur est\u00e1 situada la ermita dedicada a San Crist\u00f3bal. El edificio es muy sencillo y de factura popular. Para Pascua de Pentecost\u00e9s a este lugar acuden en romer\u00eda los habitantes de Laru\u00e9s. All\u00ed se celebra una misa y se bendicen los t\u00e9rminos.<\/p>\n\n\n\n<p class=\"has-text-align-center\"><a href=\"https:\/\/pueblodelarues.es\/conoce-larues\/historia\/monografias\/ermitas\/\">Saber m\u00e1s<\/a><\/p>\n<\/div><figure class=\"wp-block-media-text__media\"><img decoding=\"async\" src=\"https:\/\/pueblodelarues.es\/wp-content\/uploads\/2021\/09\/DSCN8019.jpg\" alt=\"\" class=\"wp-image-199 size-full\"\/><\/figure><\/div>\n\n\n\n<div class=\"wp-block-media-text alignwide is-stacked-on-mobile\" style=\"grid-template-columns:38% auto\"><figure class=\"wp-block-media-text__media\"><img decoding=\"async\" src=\"https:\/\/pueblodelarues.es\/wp-content\/uploads\/2021\/09\/DSCN9083.jpg\" alt=\"\" class=\"wp-image-200 size-full\"\/><\/figure><div class=\"wp-block-media-text__content\">\n<h2 class=\"wp-block-heading\">Casa de Don Jos\u00e9<\/h2>\n\n\n\n<p>Su origen se remonta a mediados del s. XVI. Su portalada est\u00e1 decorada con bajorrelieves vegetales, y en su interior se localiza una peque\u00f1a capilla u oratorio barroco del s. XVII<strong>.<\/strong><br><br>Todo el interior de la casa se conserva como cuando la habitaban. Su visita te transporta en el tiempo.<\/p>\n<\/div><\/div>\n","protected":false},"excerpt":{"rendered":"<p>Iglesia parroquial de San Vicente M\u00e1rtir La Iglesia parroquial, dedicada a San Vicente M\u00e1rtir, es de origen medieval y ha sufrido numerosas remodelaciones. Se compone de tres naves y transepto que apenas sobresale en planta. Dichas naves est\u00e1n cubiertas por b\u00f3vedas de crucer\u00eda, de terceletes en la nave central y en la lateral sur y flam\u00edgera en la lateral norte. Sobre el crucero se eleva un cimborio octogonal. Sobresale su portada g\u00f3tica de tendencia flam\u00edgera. La torre se alza con&#8230;<\/p>\n<p class=\"read-more\"><a class=\"btn btn-default\" href=\"https:\/\/pueblodelarues.es\/index.php\/turismo\/lugares-de-interes\/\"> Leer m\u00e1s<span class=\"screen-reader-text\">  Leer m\u00e1s<\/span><\/a><\/p>\n","protected":false},"author":1,"featured_media":1635,"parent":36,"menu_order":1,"comment_status":"closed","ping_status":"closed","template":"","meta":{"footnotes":""},"class_list":["post-148","page","type-page","status-publish","has-post-thumbnail","hentry"],"_links":{"self":[{"href":"https:\/\/pueblodelarues.es\/index.php\/wp-json\/wp\/v2\/pages\/148","targetHints":{"allow":["GET"]}}],"collection":[{"href":"https:\/\/pueblodelarues.es\/index.php\/wp-json\/wp\/v2\/pages"}],"about":[{"href":"https:\/\/pueblodelarues.es\/index.php\/wp-json\/wp\/v2\/types\/page"}],"author":[{"embeddable":true,"href":"https:\/\/pueblodelarues.es\/index.php\/wp-json\/wp\/v2\/users\/1"}],"replies":[{"embeddable":true,"href":"https:\/\/pueblodelarues.es\/index.php\/wp-json\/wp\/v2\/comments?post=148"}],"version-history":[{"count":10,"href":"https:\/\/pueblodelarues.es\/index.php\/wp-json\/wp\/v2\/pages\/148\/revisions"}],"predecessor-version":[{"id":1720,"href":"https:\/\/pueblodelarues.es\/index.php\/wp-json\/wp\/v2\/pages\/148\/revisions\/1720"}],"up":[{"embeddable":true,"href":"https:\/\/pueblodelarues.es\/index.php\/wp-json\/wp\/v2\/pages\/36"}],"wp:featuredmedia":[{"embeddable":true,"href":"https:\/\/pueblodelarues.es\/index.php\/wp-json\/wp\/v2\/media\/1635"}],"wp:attachment":[{"href":"https:\/\/pueblodelarues.es\/index.php\/wp-json\/wp\/v2\/media?parent=148"}],"curies":[{"name":"wp","href":"https:\/\/api.w.org\/{rel}","templated":true}]}}