{"id":12,"date":"2021-09-08T19:03:59","date_gmt":"2021-09-08T19:03:59","guid":{"rendered":"https:\/\/pueblodelarues.es\/?page_id=12"},"modified":"2025-08-08T20:31:42","modified_gmt":"2025-08-08T20:31:42","slug":"contacto","status":"publish","type":"page","link":"https:\/\/pueblodelarues.es\/index.php\/acerca-de\/contacto\/","title":{"rendered":"Contacto"},"content":{"rendered":"\n<h4 class=\"wp-block-heading\">Contacto<\/h4>\n\n\n\n<p>Para dudas, sugerencias o asuntos generales sobre el contenido de esta web:<\/p>\n\n\n\n<ul class=\"wp-block-list\">\n<li>Roberto Clemente: roberlarues@hotmail.com<\/li>\n\n\n\n<li>Francisco Magran\u00e9: laruesweb@gmail.com<\/li>\n<\/ul>\n\n\n\n<p>Para aportar fotograf\u00edas al \u00e1lbum, indicar correcciones o asuntos t\u00e9cnicos de la web: <\/p>\n\n\n\n<ul class=\"wp-block-list\">\n<li>Roberto Clemente: roberlarues@hotmail.com<\/li>\n<\/ul>\n\n\n\n<p>Ayuntamiento de Laru\u00e9s:<\/p>\n\n\n\n<ul class=\"wp-block-list\">\n<li>elmlarues@yahoo.es<\/li>\n\n\n\n<li>974 37 70 67<\/li>\n<\/ul>\n\n\n\n<p>Comisi\u00f3n de fiestas:<\/p>\n\n\n\n<ul class=\"wp-block-list\">\n<li>fiestaslarues@gmail.com<\/li>\n<\/ul>\n\n\n\n<p>Bar con cocina \u00abEl Molino de Laru\u00e9s\u00bb:<\/p>\n\n\n\n<ul class=\"wp-block-list\">\n<li>elmolinodelarues@gmail.com<\/li>\n\n\n\n<li>633 67 66 29<\/li>\n<\/ul>\n\n\n\n<p>Meteorolog\u00eda:<\/p>\n\n\n\n<ul class=\"wp-block-list\">\n<li>Miguel \u00c1. Clemente: miguel_larues@hotmail.com<\/li>\n<\/ul>\n\n\n\n<p><\/p>\n","protected":false},"excerpt":{"rendered":"<p>Contacto Para dudas, sugerencias o asuntos generales sobre el contenido de esta web: Para aportar fotograf\u00edas al \u00e1lbum, indicar correcciones o asuntos t\u00e9cnicos de la web: Ayuntamiento de Laru\u00e9s: Comisi\u00f3n de fiestas: Bar con cocina \u00abEl Molino de Laru\u00e9s\u00bb: Meteorolog\u00eda:<\/p>\n","protected":false},"author":1,"featured_media":0,"parent":11,"menu_order":0,"comment_status":"closed","ping_status":"closed","template":"","meta":{"footnotes":""},"class_list":["post-12","page","type-page","status-publish","hentry"],"_links":{"self":[{"href":"https:\/\/pueblodelarues.es\/index.php\/wp-json\/wp\/v2\/pages\/12","targetHints":{"allow":["GET"]}}],"collection":[{"href":"https:\/\/pueblodelarues.es\/index.php\/wp-json\/wp\/v2\/pages"}],"about":[{"href":"https:\/\/pueblodelarues.es\/index.php\/wp-json\/wp\/v2\/types\/page"}],"author":[{"embeddable":true,"href":"https:\/\/pueblodelarues.es\/index.php\/wp-json\/wp\/v2\/users\/1"}],"replies":[{"embeddable":true,"href":"https:\/\/pueblodelarues.es\/index.php\/wp-json\/wp\/v2\/comments?post=12"}],"version-history":[{"count":3,"href":"https:\/\/pueblodelarues.es\/index.php\/wp-json\/wp\/v2\/pages\/12\/revisions"}],"predecessor-version":[{"id":1947,"href":"https:\/\/pueblodelarues.es\/index.php\/wp-json\/wp\/v2\/pages\/12\/revisions\/1947"}],"up":[{"embeddable":true,"href":"https:\/\/pueblodelarues.es\/index.php\/wp-json\/wp\/v2\/pages\/11"}],"wp:attachment":[{"href":"https:\/\/pueblodelarues.es\/index.php\/wp-json\/wp\/v2\/media?parent=12"}],"curies":[{"name":"wp","href":"https:\/\/api.w.org\/{rel}","templated":true}]}}