{"id":114,"date":"2021-09-11T15:56:16","date_gmt":"2021-09-11T15:56:16","guid":{"rendered":"https:\/\/pueblodelarues.es\/?page_id=114"},"modified":"2024-08-03T17:32:27","modified_gmt":"2024-08-03T17:32:27","slug":"casas","status":"publish","type":"page","link":"https:\/\/pueblodelarues.es\/index.php\/conoce-larues\/casco-urbano\/casas\/","title":{"rendered":"Casas"},"content":{"rendered":"\n<p>Laru\u00e9s posee un gran n\u00famero de casas dentro de su n\u00facleo urbano. La mayor\u00eda se ajustan a la denominada arquitectura popular.&nbsp;Ello es el resultado de una adecuaci\u00f3n al terreno y a los materiales disponibles, al clima, a la funci\u00f3n que deb\u00edan&nbsp;desarrollar y al gusto de quienes han de vivir.<\/p>\n\n\n\n<iframe id=\"visor-casas\" title=\"Visor de casas\" class=\"iframe-casas\" src=\"https:\/\/pueblodelarues.es\/casas?v1.2.0\" width=\"100%\" frameborder=\"0\">\n<\/iframe>\n<!--<iframe id=\"visor-casas\" title=\"Visor de casas\" width=\"100%\" src=\"http:\/\/localhost:3000\/\" frameborder=\"0\">\n<\/iframe>-->\n<script>\n  iFrameResize({ log: false, checkOrigin: false, heightCalculationMethod: 'taggedElement' }, '#visor-casas')\n<\/script>\n\n\n\n<p><\/p>\n\n\n\n<h2 class=\"wp-block-heading\">La vivienda tradicional<\/h2>\n\n\n\n<p>Las casas de Laru\u00e9s, en su origen, respond\u00edan al esquema cl\u00e1sico de la vivienda tradicional de la zona prepirenaica.<\/p>\n\n\n\n<p>Para su construcci\u00f3n se emplearon preferentemente los siguientes materiales: la piedra de siller\u00eda y el sillarejo para levantar los muros, y las lajas de piedra y la teja \u00e1rabe&nbsp;para realizar sus cubiertas. La piedra se obten\u00eda de las canteras de la propia zona y de la reutilizaci\u00f3n de antiguos edificios ruinosos. Las tejas se elaboraban en el propio t\u00e9rmino de Laru\u00e9s, que dispuso de Tejer\u00eda Vieja y Tejer\u00eda Nueva, aprovechando las tierras arcillosas que son abundantes en nuestro pueblo. <\/p>\n\n\n<div class=\"wp-block-image is-style-rounded\">\n<figure class=\"aligncenter size-full is-resized\"><img loading=\"lazy\" decoding=\"async\" src=\"https:\/\/pueblodelarues.es\/wp-content\/uploads\/2022\/01\/DSCN9276.jpg\" alt=\"\" class=\"wp-image-1310\" width=\"600\" height=\"450\"\/><\/figure>\n<\/div>\n\n\n<p>La madera se us\u00f3 para construir el esqueleto en el que se apoyaba el tejado y para las vigas en general, as\u00ed como para las puertas y ventanas. y, ocasionalmente, para las tarimas del suelo. \u00c9ste sol\u00eda pavimentarse con piezas de ladrillo cocido, fabricado en las mencionadas tejer\u00edas, y grandes losas de piedra en las cocinas.<\/p>\n\n\n\n<p>El aspecto externo de estas viviendas era cerrado. Tradicionalmente, sus ventanas y puertas estaban enmarcadas con cal, cuyo color blanco animaba la severidad de la piedra, que sol\u00eda quedar cara a vista, sin revocar. Sus vanos presentaban dos formas preferentes: el dintel recto labrado, y el gran arco, generalmente de medio punto, compuesto por grandes dovelas. En general, las ventanas eran peque\u00f1as, para garantizar un mejor aislamiento del fr\u00edo en el largo invierno del que disfruta nuestra localidad. <\/p>\n\n\n<div class=\"wp-block-image is-style-rounded\">\n<figure class=\"aligncenter size-full is-resized\"><img loading=\"lazy\" decoding=\"async\" src=\"https:\/\/pueblodelarues.es\/wp-content\/uploads\/2022\/01\/DSCN6269.jpg\" alt=\"\" class=\"wp-image-1307\" width=\"600\" height=\"450\"\/><\/figure>\n<\/div>\n\n\n<p>Sobresal\u00edan tambi\u00e9n sus cubiertas con cierta pendiente, sobre las que se elevaban enormes chimeneas,&nbsp;muy a menudo circulares y concluidas por un remate c\u00f3nico, que pod\u00eda adoptar formas muy peculiares. Sobresal\u00eda el vuelo y trabajo de sus aleros en madera. Algunas de estas viviendas conservan sus escudos de infanzon\u00eda.<\/p>\n\n\n\n<p>En cuanto a su distribuci\u00f3n interna, antiguamente la planta baja se abr\u00eda por un gran patio empedrado con cantos rodados colocados seg\u00fan dise\u00f1os geom\u00e9tricos, que daba paso a la cuadra, la bodega y almacenes (le\u00f1era, granero). Arrancaba tambi\u00e9n de aqu\u00ed la escalera por la que se acced\u00eda al piso, donde acostumbraba a estar la gran cocina (que centraba la vida familiar en las cadieras situadas en torno al fuego bajo), la recocina y las despensas, las alcobas y, en las casas m\u00e1s importantes, alguna sala-recibidor. Pocas veces hab\u00eda un segundo piso de vivienda, remat\u00e1ndose siempre por una falsa o desv\u00e1n que acostumbraba a servir de almac\u00e9n para el grano.<\/p>\n\n\n<div class=\"wp-block-image is-style-rounded\">\n<figure class=\"aligncenter size-full is-resized\"><img loading=\"lazy\" decoding=\"async\" src=\"https:\/\/pueblodelarues.es\/wp-content\/uploads\/2022\/01\/DSCN1959.jpg\" alt=\"\" class=\"wp-image-1312\" width=\"600\" height=\"426\"\/><\/figure>\n<\/div>\n\n\n<p>Otra nota destacada de la poblaci\u00f3n&nbsp;era que, aunque sus casas se agrupasen y api\u00f1asen, con frecuencia no llegaban a unirse, pared con pared, sino que, por el contrario, quedaba entre ellas un callej\u00f3n estrecho, generalmente sin salida, que recibe el nombre de callizo: en \u00e9l conflu\u00edan las aguas que caen de sus cubiertas. Por eso, aun reunidas, las casas presentaban una cierta autonom\u00eda. Este entramado todav\u00eda persiste y es visible en el trazado urbano actual.<\/p>\n\n\n\n<p>Muchas casas contaban con un banqu\u00e9 en su fachada, especialmente las orientadas al mediod\u00eda, para aprovechar los rayos tibios del invierno. En torno al banqu\u00e9 y las sillas bajas que lo completaban se realizaban las tertulias cuando el trabajo lo permit\u00eda y las mujeres realizaban sus labores de costura. <\/p>\n\n\n\n<p>Las calles presentaban una pavimentaci\u00f3n a base de piedras entre las que crec\u00eda la hierba.<\/p>\n\n\n\n<p>Junto a las casas era frecuente encontrar un huerto del mismo propietario. El casco urbano tambi\u00e9n estaba salpicado por peque\u00f1os corrales que serv\u00edan de cobijo a los animales dom\u00e9sticos.<\/p>\n\n\n\n<p><\/p>\n\n\n\n<h2 class=\"wp-block-heading\">Las casas en la actualidad<\/h2>\n\n\n\n<p>Con el paso del tiempo, en&nbsp;muchas de las casas de Laru\u00e9s, como en la mayor\u00eda de los pueblos que han sobrevidido, se han efectuado reformas para&nbsp;adaptarse a sus nuevas necesidades y comodidades.<\/p>\n\n\n\n<p>Externamente, en algunas se han revocado sus paredes, adquiriendo el aspecto de sus fachadas una mayor variedad. La mayor\u00eda de las enormes chimeneas troncoc\u00f3nicas ha desaparecido, al cambiar el aspecto y funcionalidad de las cocinas y al incorporar modernos sistemas de calefacci\u00f3n. <\/p>\n\n\n\n<p>El aspecto de los bajos tambi\u00e9n se ha transformado radicalmente, pues en lugar de cuadras ahora hay garages para guardar los coches, y las masader\u00edas, graneros y otras estancias tradicionales se han rehabilitado para adquirir otras funciones. Los patios empedrados son s\u00f3lo un recuerdo, conserv\u00e1ndose \u00edntegro \u00fanicamente en Casa de Don Jos\u00e9. <\/p>\n\n\n\n<p>La distribuci\u00f3n de la planta superior tambi\u00e9n se ha modificado. Las enormes cocinas y las grandes salas apenas se conservan, y las peque\u00f1as alcobas han desaparecido en su mayor parte.<\/p>\n\n\n\n<p>Una de las mayores transformaciones hace referencia a las ventanas. Como ahora se dispone de mejor sistema de calefacci\u00f3n, las ventanas se hacen grandes para permitir la entrada de la luz, y en muchas casas vemos balcones (o ventanas abaldonadas),  todo adornado con flores. <\/p>\n\n\n<div class=\"wp-block-image is-style-rounded\">\n<figure class=\"aligncenter size-full is-resized\"><img loading=\"lazy\" decoding=\"async\" src=\"https:\/\/pueblodelarues.es\/wp-content\/uploads\/2022\/01\/Jimenez-ventana-florida.jpg\" alt=\"\" class=\"wp-image-1313\" width=\"600\" height=\"450\"\/><\/figure>\n<\/div>\n\n\n<p><\/p>\n\n\n\n<p><br>\u200bOs invitamos a adentraros en el n\u00facleo y contemplar sus edificios.<\/p>\n\n\n\n<h3 class=\"wp-block-heading\">Nota<\/h3>\n\n\n\n<p>Las descripciones de las casas y otros elementos del casco urbano se han realizado a partir de su observaci\u00f3n externa. Los comentarios y an\u00e9cdotas son el resultado de recuerdos personales, informaci\u00f3n proporcionada por algunos documentos consultados y testimonios orales de personas de mayor edad que guardan en sus memorias viejas historias de las que fueron testigos u oyeron contar a sus antepasados.<\/p>\n\n\n\n<p>Se invita a los vecinos de Laru\u00e9s a enriquecer esta informaci\u00f3n, o a rectificarla en alg\u00fan caso, si se aprecian errores o inexactitudes. Nadie conoce mejor las casas que sus propios habitantes. Seguro que muchos guard\u00e1is vivencias que os gustar\u00eda compartir, o informaci\u00f3n que permitir\u00eda reconstruir m\u00e1s acertadamente la historia de vuestra casa, no s\u00f3lo como edificio sino tambi\u00e9n como el espacio en el que hab\u00e9is nacido y vivido gran parte de vuestra existencia.<\/p>\n","protected":false},"excerpt":{"rendered":"<p>Laru\u00e9s posee un gran n\u00famero de casas dentro de su n\u00facleo urbano. La mayor\u00eda se ajustan a la denominada arquitectura popular.&nbsp;Ello es el resultado de una adecuaci\u00f3n al terreno y a los materiales disponibles, al clima, a la funci\u00f3n que deb\u00edan&nbsp;desarrollar y al gusto de quienes han de vivir. La vivienda tradicional Las casas de Laru\u00e9s, en su origen, respond\u00edan al esquema cl\u00e1sico de la vivienda tradicional de la zona prepirenaica. Para su construcci\u00f3n se emplearon preferentemente los siguientes materiales:&#8230;<\/p>\n<p class=\"read-more\"><a class=\"btn btn-default\" href=\"https:\/\/pueblodelarues.es\/index.php\/conoce-larues\/casco-urbano\/casas\/\"> Leer m\u00e1s<span class=\"screen-reader-text\">  Leer m\u00e1s<\/span><\/a><\/p>\n","protected":false},"author":1,"featured_media":1716,"parent":46,"menu_order":0,"comment_status":"closed","ping_status":"closed","template":"","meta":{"footnotes":""},"class_list":["post-114","page","type-page","status-publish","has-post-thumbnail","hentry"],"_links":{"self":[{"href":"https:\/\/pueblodelarues.es\/index.php\/wp-json\/wp\/v2\/pages\/114","targetHints":{"allow":["GET"]}}],"collection":[{"href":"https:\/\/pueblodelarues.es\/index.php\/wp-json\/wp\/v2\/pages"}],"about":[{"href":"https:\/\/pueblodelarues.es\/index.php\/wp-json\/wp\/v2\/types\/page"}],"author":[{"embeddable":true,"href":"https:\/\/pueblodelarues.es\/index.php\/wp-json\/wp\/v2\/users\/1"}],"replies":[{"embeddable":true,"href":"https:\/\/pueblodelarues.es\/index.php\/wp-json\/wp\/v2\/comments?post=114"}],"version-history":[{"count":3,"href":"https:\/\/pueblodelarues.es\/index.php\/wp-json\/wp\/v2\/pages\/114\/revisions"}],"predecessor-version":[{"id":1542,"href":"https:\/\/pueblodelarues.es\/index.php\/wp-json\/wp\/v2\/pages\/114\/revisions\/1542"}],"up":[{"embeddable":true,"href":"https:\/\/pueblodelarues.es\/index.php\/wp-json\/wp\/v2\/pages\/46"}],"wp:featuredmedia":[{"embeddable":true,"href":"https:\/\/pueblodelarues.es\/index.php\/wp-json\/wp\/v2\/media\/1716"}],"wp:attachment":[{"href":"https:\/\/pueblodelarues.es\/index.php\/wp-json\/wp\/v2\/media?parent=114"}],"curies":[{"name":"wp","href":"https:\/\/api.w.org\/{rel}","templated":true}]}}