{"id":1115,"date":"2021-12-18T22:04:42","date_gmt":"2021-12-18T22:04:42","guid":{"rendered":"https:\/\/pueblodelarues.es\/?page_id=1115"},"modified":"2024-07-06T13:42:46","modified_gmt":"2024-07-06T13:42:46","slug":"terminos-y-condiciones","status":"publish","type":"page","link":"https:\/\/pueblodelarues.es\/index.php\/acerca-de\/terminos-y-condiciones\/","title":{"rendered":"T\u00e9rminos y condiciones"},"content":{"rendered":"\n<p>Documento actualizado a d\u00eda 06\/07\/2024<\/p>\n\n\n\n<h2 class=\"wp-block-heading\">Aviso legal y t\u00e9rminos de uso<\/h2>\n\n\n\n<p>En este espacio, el usuario podr\u00e1 encontrar toda la informaci\u00f3n relativa a los t\u00e9rminos y condiciones legales que definen las relaciones entre los usuarios y nosotros como responsables de esta web. Como usuario, es importante que conozcas estos t\u00e9rminos antes de continuar tu navegaci\u00f3n. Roberto Clemente Salvador, como responsable de esta web, asume el compromiso de procesa la informaci\u00f3n de nuestros usuarios y clientes con plenas garant\u00edas y cumplir con los requisitos nacionales y europeos que regulan la recopilaci\u00f3n y uso de los datos personales de nuestros usuarios. Esta web, por tanto, cumple rigurosamente con el RGPD (REGLAMENTO (UE) 2016\/679 de protecci\u00f3n de datos) y la LSSI-CE la Ley 34\/2002, de 11 de julio, de servicios de la sociedad de la informaci\u00f3n y de comercio electr\u00f3nico.<\/p>\n\n\n\n<h3 class=\"wp-block-heading\">Condiciones generales de uso<\/h3>\n\n\n\n<p>Las presentes Condiciones Generales regulan el uso (incluyendo el mero acceso) de las p\u00e1ginas de la web, integrantes del sitio web de&nbsp;<strong>Pueblo de Laru\u00e9s<\/strong>&nbsp;incluidos los contenidos y servicios puestos a disposici\u00f3n en ellas. Toda persona que acceda a la web&nbsp;<strong>Pueblo de Laru\u00e9s<\/strong>&nbsp;acepta someterse a las Condiciones Generales vigentes en cada momento del portal&nbsp;<strong>Pueblo de Laru\u00e9s<\/strong>.<\/p>\n\n\n\n<p>Todos los t\u00e9rminos y condiciones presentes en este documento aplican tambi\u00e9n sobre las diversas aplicaciones que figuran bajo este dominio:<\/p>\n\n\n\n<ul class=\"wp-block-list\">\n<li>El Molino de Laru\u00e9s<\/li>\n\n\n\n<li>El \u00c1lbum de Laru\u00e9s<\/li>\n\n\n\n<li>Servicio meteorol\u00f3gico<\/li>\n<\/ul>\n\n\n\n<h3 class=\"wp-block-heading\">Condiciones particulares para el registro<\/h3>\n\n\n\n<p>Se permite el registro de usuarios \u00fanicamente con un c\u00f3digo de acceso, de forma que <span style=\"text-decoration: underline;\">no se permite el registro a cualquier persona que accede a la web<\/span>. El motivo de ello es, en primer lugar, respetar la privacidad de las personas que han cedido datos personales para aparecer en secciones de acceso restringido, como el <strong>\u00c1rea turca<\/strong>, con la condici\u00f3n de que no todo el mundo pueda acceder a ellos. En segundo lugar, el acceso restringido permitir\u00e1 aportar contenido de manera controlada \u00fanicamente a gente del pueblo de Laru\u00e9s o su entorno cercano.<\/p>\n\n\n\n<p>El registro en Pueblo de Laru\u00e9s permite \u00fanicamente el acceso a la secci\u00f3n restringida del <strong>\u00c1rea turca<\/strong>, donde se aloja contenido cuyo p\u00fablico objetivo se restringe a los habitantes del pueblo de Laru\u00e9s o su entorno cercano y se permite aportar m\u00e1s contenido de forma controlada.<\/p>\n\n\n\n<h3 class=\"wp-block-heading\">Datos personales que recabamos y c\u00f3mo lo hacemos<\/h3>\n\n\n\n<p>Leer&nbsp;<a>Pol\u00edtica de Privacidad<\/a>.<\/p>\n\n\n\n<h3 class=\"wp-block-heading\">Compromisos y obligaciones de los usuarios<\/h3>\n\n\n\n<p>El Usuario queda informado, y acepta, que el acceso a la presente web no supone, en modo alguno, el inicio de una relaci\u00f3n comercial con&nbsp;<strong>Pueblo de Laru\u00e9s<\/strong>. De esta forma, el usuario se compromete a utilizar el sitio Web, sus servicios y contenidos sin contravenir la legislaci\u00f3n vigente, la buena fe y el orden p\u00fablico.<\/p>\n\n\n\n<p>Queda prohibido el uso de la web, con fines il\u00edcitos o lesivos, o que, de cualquier forma, puedan causar perjuicio o impedir el normal funcionamiento del sitio web. Respecto de los contenidos de esta web, se proh\u00edbe: su reproducci\u00f3n, distribuci\u00f3n o modificaci\u00f3n, total o parcial, a menos que se cuente con la autorizaci\u00f3n de sus leg\u00edtimos titulares; cualquier vulneraci\u00f3n de los derechos del prestador o de los leg\u00edtimos titulares; su utilizaci\u00f3n para fines comerciales o publicitarios.<\/p>\n\n\n\n<p>En la utilizaci\u00f3n de la web,&nbsp;<strong><strong>Pueblo <\/strong>de Laru\u00e9s<\/strong>, el Usuario se compromete a no llevar a cabo ninguna conducta que pudiera da\u00f1ar la imagen, los intereses y los derechos de&nbsp;<strong><strong>Pueblo<\/strong> de Laru\u00e9s<\/strong>&nbsp;o de terceros o que pudiera da\u00f1ar, inutilizar o sobrecargar el portal (indicar dominio) o que impidiera, de cualquier forma, la normal utilizaci\u00f3n de la web. No obstante, el Usuario debe ser consciente de que las medidas de seguridad de los sistemas inform\u00e1ticos en Internet no son enteramente fiables y que, por tanto&nbsp;<strong><strong>Pueblo<\/strong> de Laru\u00e9s<\/strong>&nbsp;no puede garantizar la inexistencia de virus u otros elementos que puedan producir alteraciones en los sistemas inform\u00e1ticos (software y hardware) del Usuario o en sus documentos electr\u00f3nicos y ficheros contenidos en los mismos.<\/p>\n\n\n\n<p>El Usuario se compromete a respetar que la finalidad del tratamiento de los datos personales visibles en el portal es figurar exclusivamente en el mismo. Por tanto, queda prohibido utilizar o distribuir los datos personales y fotograf\u00edas en las que aparecen personas f\u00edsicas con otros fines.<\/p>\n\n\n\n<h3 class=\"wp-block-heading\">Derechos de propiedad intelectual e industrial<\/h3>\n\n\n\n<p>En virtud de lo dispuesto en los art\u00edculos 8 y 32.1, p\u00e1rrafo segundo, de la Ley de Propiedad Intelectual, quedan expresamente prohibidas la reproducci\u00f3n, la distribuci\u00f3n y la comunicaci\u00f3n p\u00fablica, incluida su modalidad de puesta a disposici\u00f3n, de la totalidad o parte de los contenidos de esta p\u00e1gina web, con fines comerciales, en cualquier soporte y por cualquier medio t\u00e9cnico, sin la autorizaci\u00f3n de&nbsp;<strong><strong>Pueblo <\/strong> de Laru\u00e9s<\/strong>. El usuario se compromete a respetar los derechos de Propiedad Intelectual e Industrial titularidad de&nbsp;<strong><strong>Pueblo<\/strong> de Laru\u00e9s<\/strong>.<\/p>\n\n\n\n<p>El usuario conoce y acepta que la totalidad del sitio web, conteniendo sin car\u00e1cter exhaustivo el texto, software, contenidos (incluyendo estructura, selecci\u00f3n, ordenaci\u00f3n y presentaci\u00f3n de los mismos) podcast, fotograf\u00edas, material audiovisual y gr\u00e1ficos, est\u00e1 protegida por marcas, derechos de autor y otros derechos leg\u00edtimos, de acuerdo con los tratados internacionales en los que Espa\u00f1a es parte y otros derechos de propiedad y leyes de Espa\u00f1a. En el caso de que un usuario o un tercero consideren que se ha producido una violaci\u00f3n de sus leg\u00edtimos derechos de propiedad intelectual por la introducci\u00f3n de un determinado contenido en la web, deber\u00e1 notificar dicha circunstancia a&nbsp;<strong><strong><strong>Pueblo<\/strong><\/strong> de Laru\u00e9s<\/strong>&nbsp;indicando:<\/p>\n\n\n\n<ul class=\"wp-block-list\">\n<li>Datos personales del interesado titular de los derechos presuntamente infringidos<\/li>\n\n\n\n<li>La representaci\u00f3n con la que act\u00faa en caso de que la reclamaci\u00f3n la presente un tercero distinto del interesado.<\/li>\n<\/ul>\n\n\n\n<p>Se\u00f1alar los contenidos protegidos por los derechos de propiedad intelectual y su ubicaci\u00f3n en la web, la acreditaci\u00f3n de los derechos de propiedad intelectual se\u00f1alados y declaraci\u00f3n expresa en la que el interesado se responsabiliza de la veracidad de las informaciones facilitadas en la notificaci\u00f3n<\/p>\n\n\n\n<h3 class=\"wp-block-heading\">Enlaces externos<\/h3>\n\n\n\n<p>Las p\u00e1ginas de la web<strong> <strong><strong>Pueblo<\/strong><\/strong> de Laru\u00e9s<\/strong>, podr\u00eda proporcionar enlaces a otros sitios web propios y contenidos que son propiedad de terceros. El \u00fanico objeto de los enlaces es proporcionar al Usuario la posibilidad de acceder a dichos enlaces.&nbsp;<strong><strong><strong>Pueblo<\/strong><\/strong> de Laru\u00e9s<\/strong>&nbsp;no se responsabiliza en ning\u00fan caso de los resultados que puedan derivarse al Usuario por acceso a dichos enlaces.<\/p>\n\n\n\n<p>El Usuario que se proponga establecer cualquier dispositivo t\u00e9cnico de enlace desde su sitio web al portal&nbsp;<strong>Pueblo de Laru\u00e9s<\/strong>&nbsp;deber\u00e1 obtener la autorizaci\u00f3n previa y escrita de&nbsp;<strong>Pueblo de Laru\u00e9s<\/strong>. El establecimiento del enlace no implica en ning\u00fan caso la existencia de relaciones entre&nbsp;<strong>Pueblo de Laru\u00e9s<\/strong>&nbsp;y el propietario del sitio en el que se establezca el enlace, ni la aceptaci\u00f3n o aprobaci\u00f3n por parte de&nbsp;<strong>Pueblo de Laru\u00e9s<\/strong>&nbsp;de sus contenidos o servicios<\/p>\n\n\n\n<h3 class=\"wp-block-heading\">Exclusi\u00f3n de garant\u00edas y responsabilidad<\/h3>\n\n\n\n<p>El Prestador no otorga ninguna garant\u00eda ni se hace responsable, en ning\u00fan caso, de los da\u00f1os y perjuicios de cualquier naturaleza que pudieran traer causa de:<\/p>\n\n\n\n<ul class=\"wp-block-list\">\n<li>La falta de disponibilidad, mantenimiento y efectivo funcionamiento de la web, o de sus servicios y contenidos<\/li>\n\n\n\n<li>La existencia de virus, programas maliciosos o lesivos en los contenidos.<\/li>\n\n\n\n<li>El uso il\u00edcito, negligente, fraudulento o contrario a estos T\u00e9rminos y Condiciones.<\/li>\n\n\n\n<li>La falta de licitud, calidad, fiabilidad, utilidad y disponibilidad de los servicios prestados por terceros y puestos a disposici\u00f3n de los usuarios en el sitio web.<\/li>\n<\/ul>\n\n\n\n<p>El prestador no se hace responsable bajo ning\u00fan concepto de los da\u00f1os que pudieran dimanar del uso ilegal o indebido de la presente p\u00e1gina web.<\/p>\n\n\n\n<h3 class=\"wp-block-heading\">Ley aplicable y jurisdicci\u00f3n<\/h3>\n\n\n\n<p>Con car\u00e1cter general las relaciones entre&nbsp;<strong>Pueblo de Laru\u00e9s<\/strong>&nbsp;con los Usuarios de sus servicios telem\u00e1ticos, presentes en esta web se encuentran sometidas a la legislaci\u00f3n y jurisdicci\u00f3n espa\u00f1olas y a los tribunales.<\/p>\n\n\n\n<p>Roberto Clemente Salvador se reserva el derecho de modificar el presente aviso legal en cualquier momento de acuerdo con la legislaci\u00f3n aplicable<\/p>\n\n\n\n<h3 class=\"wp-block-heading\">Contacto<\/h3>\n\n\n\n<p>En caso de que cualquier Usuario tuviese alguna duda acerca de estas Condiciones legales o cualquier comentario sobre el portal&nbsp;<strong>Pueblo de Laru\u00e9s<\/strong>, por favor dir\u00edjase a&nbsp;<a href=\"mailto:robertoclementesalvador@gmail.com\">robertoclementesalvador@gmail.com<\/a><\/p>\n","protected":false},"excerpt":{"rendered":"<p>Documento actualizado a d\u00eda 06\/07\/2024 Aviso legal y t\u00e9rminos de uso En este espacio, el usuario podr\u00e1 encontrar toda la informaci\u00f3n relativa a los t\u00e9rminos y condiciones legales que definen las relaciones entre los usuarios y nosotros como responsables de esta web. Como usuario, es importante que conozcas estos t\u00e9rminos antes de continuar tu navegaci\u00f3n. Roberto Clemente Salvador, como responsable de esta web, asume el compromiso de procesa la informaci\u00f3n de nuestros usuarios y clientes con plenas garant\u00edas y cumplir&#8230;<\/p>\n<p class=\"read-more\"><a class=\"btn btn-default\" href=\"https:\/\/pueblodelarues.es\/index.php\/acerca-de\/terminos-y-condiciones\/\"> Leer m\u00e1s<span class=\"screen-reader-text\">  Leer m\u00e1s<\/span><\/a><\/p>\n","protected":false},"author":1,"featured_media":0,"parent":11,"menu_order":1,"comment_status":"closed","ping_status":"closed","template":"","meta":{"footnotes":""},"class_list":["post-1115","page","type-page","status-publish","hentry"],"_links":{"self":[{"href":"https:\/\/pueblodelarues.es\/index.php\/wp-json\/wp\/v2\/pages\/1115","targetHints":{"allow":["GET"]}}],"collection":[{"href":"https:\/\/pueblodelarues.es\/index.php\/wp-json\/wp\/v2\/pages"}],"about":[{"href":"https:\/\/pueblodelarues.es\/index.php\/wp-json\/wp\/v2\/types\/page"}],"author":[{"embeddable":true,"href":"https:\/\/pueblodelarues.es\/index.php\/wp-json\/wp\/v2\/users\/1"}],"replies":[{"embeddable":true,"href":"https:\/\/pueblodelarues.es\/index.php\/wp-json\/wp\/v2\/comments?post=1115"}],"version-history":[{"count":1,"href":"https:\/\/pueblodelarues.es\/index.php\/wp-json\/wp\/v2\/pages\/1115\/revisions"}],"predecessor-version":[{"id":1688,"href":"https:\/\/pueblodelarues.es\/index.php\/wp-json\/wp\/v2\/pages\/1115\/revisions\/1688"}],"up":[{"embeddable":true,"href":"https:\/\/pueblodelarues.es\/index.php\/wp-json\/wp\/v2\/pages\/11"}],"wp:attachment":[{"href":"https:\/\/pueblodelarues.es\/index.php\/wp-json\/wp\/v2\/media?parent=1115"}],"curies":[{"name":"wp","href":"https:\/\/api.w.org\/{rel}","templated":true}]}}